{"id":3353,"date":"2020-03-24T17:00:36","date_gmt":"2020-03-24T14:00:36","guid":{"rendered":"http:\/\/blacktiger.com.tr\/en\/?post_type=product&#038;p=3353"},"modified":"2020-10-24T16:26:04","modified_gmt":"2020-10-24T13:26:04","slug":"bi-metal-multicut-m42-41x13","status":"publish","type":"product","link":"https:\/\/blacktiger.com.tr\/en\/urun\/bi-metal-multicut-m42-41x13\/","title":{"rendered":"BiMetal bandsaw Multicut M42 41&#215;1,3"},"content":{"rendered":"<p>[vc_row content_placement=&#8221;top&#8221;][vc_column css=&#8221;.vc_custom_1532433256788{margin-right: 15px !important;}&#8221; offset=&#8221;vc_col-md-8&#8243;]\n\t\t<div id=\"wd-5f69e4f720671\" class=\"title-wrapper  woodmart-title-color-default woodmart-title-style-default woodmart-title-width-100 text-left woodmart-title-size-small vc_custom_1600775421963\">\n\t\t\t\n\t\t\t<div class=\"liner-continer\">\n\t\t\t\t<span class=\"left-line\"><\/span>\n\t\t\t\t<h4 class=\"woodmart-title-container title  woodmart-font-weight-600\" >About Product<\/h4>\t\t\t\t\t\t\t\t<span class=\"right-line\"><\/span>\n\t\t\t<\/div>\n\t\t\t\n\t\t\t\n\t\t\t\t\t<\/div>\n\t\t\n\t\t[vc_column_text css=&#8221;.vc_custom_1602502531825{margin-bottom: 30px !important;}&#8221; text_larger=&#8221;no&#8221;]This band saw blade consists of two materials: the tooth tips are made of alloyed HSS (high-speed steel) with 8% cobalt while the support band is made of high-alloyed spring steel. After heat treatment, the wear-resisting tooth tips have a hardness of approx. 67 &#8211; 68 HRc. The high-speed steel is connected to the support band through state-of-the-art technology.<\/p>\n<p><strong>Recommended Usage Areas<\/strong><\/p>\n<p>It is suitable for cutting all usual steel types up to 45 Hrc hardness.<\/p>\n<p>&nbsp;<\/p>\n<p>[popup-contact-form id=&#8221;1&#8243; title=&#8221;Have a quastion ?&#8221;]<\/p>\n<p>&nbsp;<\/p>\n<p><a href=\"https:\/\/blacktiger.com.tr\/en\/wp-content\/uploads\/2020\/10\/ENG-BLACK-TIGER-Katalog.pdf\" target=\"_blank\" rel=\"noopener noreferrer\"><img loading=\"lazy\" class=\"alignnone size-full wp-image-3945\" src=\"https:\/\/blacktiger.com.tr\/en\/wp-content\/uploads\/2020\/04\/pdf-1-en.png\" alt=\"\" width=\"300\" height=\"80\" \/><\/a>[\/vc_column_text][\/vc_column][\/vc_row][vc_row][\/vc_row][vc_column css_animation=&#8221;fadeIn&#8221; mobile_bg_img_hidden=&#8221;no&#8221; tablet_bg_img_hidden=&#8221;no&#8221; woodmart_parallax=&#8221;0&#8243; woodmart_sticky_column=&#8221;false&#8221; parallax_scroll=&#8221;no&#8221; mobile_reset_margin=&#8221;no&#8221; tablet_reset_margin=&#8221;no&#8221;][\/vc_column][vc_single_image image=&#8221;3282&#8243; img_size=&#8221;690*70&#8243; parallax_scroll=&#8221;no&#8221;][vc_column_text text_larger=&#8221;no&#8221;]<\/p>\n<p>I am text block. Click edit button to change this text. Lorem ipsum dolor sit amet, consectetur adipiscing elit. Ut elit tellus, luctus nec ullamcorper mattis, pulvinar dapibus leo.<\/p>\n<p>[\/vc_column_text]\n\t\t<div id=\"wd-5f69e52d162e3\" class=\"title-wrapper  woodmart-title-color-default woodmart-title-style-default woodmart-title-width-100 text-left woodmart-title-size-small \">\n\t\t\t\n\t\t\t<div class=\"liner-continer\">\n\t\t\t\t<span class=\"left-line\"><\/span>\n\t\t\t\t<h4 class=\"woodmart-title-container title  woodmart-font-weight-600\" >Daha fazla bilgi i\u00e7in l\u00fctfen a\u015fa\u011f\u0131daki formu doldurun.<\/h4>\t\t\t\t\t\t\t\t<span class=\"right-line\"><\/span>\n\t\t\t<\/div>\n\t\t\t\n\t\t\t\n\t\t\t\t\t<\/div>\n\t\t\n\t\t[vc_row][\/vc_row][vc_column][\/vc_column]<\/p>\n","protected":false},"excerpt":{"rendered":"<p>You can contact us by e-mail, WhatsApp, or Phone to get information about a metal band\u2019s features you need to supply.<\/p>\n<p>If you write the dimensions of the metals you will cut in detail; we can help you with information about tooth types.<\/p>\n<p><strong>FOR DETAILED INFORMATION: +90 0312 394 70 92<\/strong><\/p>\n<p><strong>[popup_trigger id=\"3977\" tag=\"button\" do_default]HAVE A QUESTION?[\/popup_trigger]<\/strong><\/p>\n","protected":false},"featured_media":3427,"template":"","meta":[],"yoast_head":"<!-- This site is optimized with the Yoast SEO plugin v15.1.1 - https:\/\/yoast.com\/wordpress\/plugins\/seo\/ -->\n<title>BiMetal bandsaw Multicut M42 41x1,3 - Black Tiger<\/title>\n<meta name=\"description\" content=\"Black Tiger M42 bi metal bandsaw Thanks to its high performance and wide range of use, it is used for cutting round and solid materials.\" \/>\n<meta name=\"robots\" content=\"index, follow, max-snippet:-1, max-image-preview:large, max-video-preview:-1\" \/>\n<link rel=\"canonical\" href=\"https:\/\/blacktiger.com.tr\/en\/urun\/bi-metal-multicut-m42-41x13\/\" \/>\n<meta property=\"og:locale\" content=\"en_US\" \/>\n<meta property=\"og:type\" content=\"article\" \/>\n<meta property=\"og:title\" content=\"BiMetal bandsaw Multicut M42 41x1,3 - Black Tiger\" \/>\n<meta property=\"og:description\" content=\"Black Tiger M42 bi metal bandsaw Thanks to its high performance and wide range of use, it is used for cutting round and solid materials.\" \/>\n<meta property=\"og:url\" content=\"https:\/\/blacktiger.com.tr\/en\/urun\/bi-metal-multicut-m42-41x13\/\" \/>\n<meta property=\"og:site_name\" content=\"Black Tiger\" \/>\n<meta property=\"article:modified_time\" content=\"2020-10-24T13:26:04+00:00\" \/>\n<meta property=\"og:image\" content=\"https:\/\/blacktiger.com.tr\/en\/wp-content\/uploads\/2020\/03\/Bi-Metal-Multicut-M42-41x130-1-scaled.jpg\" \/>\n\t<meta property=\"og:image:width\" content=\"2560\" \/>\n\t<meta property=\"og:image:height\" content=\"2267\" \/>\n<meta name=\"twitter:card\" content=\"summary_large_image\" \/>\n<script type=\"application\/ld+json\" class=\"yoast-schema-graph\">{\"@context\":\"https:\/\/schema.org\",\"@graph\":[{\"@type\":\"WebSite\",\"@id\":\"https:\/\/blacktiger.com.tr\/en\/#website\",\"url\":\"https:\/\/blacktiger.com.tr\/en\/\",\"name\":\"Black Tiger\",\"description\":\"Profesyonel \\u00c7\\u00f6z\\u00fcmler\",\"potentialAction\":[{\"@type\":\"SearchAction\",\"target\":\"https:\/\/blacktiger.com.tr\/en\/?s={search_term_string}\",\"query-input\":\"required name=search_term_string\"}],\"inLanguage\":\"en-US\"},{\"@type\":\"ImageObject\",\"@id\":\"https:\/\/blacktiger.com.tr\/en\/urun\/bi-metal-multicut-m42-41x13\/#primaryimage\",\"inLanguage\":\"en-US\",\"url\":\"https:\/\/blacktiger.com.tr\/en\/wp-content\/uploads\/2020\/03\/Bi-Metal-Multicut-M42-41x130-1-scaled.jpg\",\"width\":2560,\"height\":2267,\"caption\":\"BLACK TIGER Bi Metal Multicut M42 41x1,30\"},{\"@type\":\"WebPage\",\"@id\":\"https:\/\/blacktiger.com.tr\/en\/urun\/bi-metal-multicut-m42-41x13\/#webpage\",\"url\":\"https:\/\/blacktiger.com.tr\/en\/urun\/bi-metal-multicut-m42-41x13\/\",\"name\":\"BiMetal bandsaw Multicut M42 41x1,3 - Black Tiger\",\"isPartOf\":{\"@id\":\"https:\/\/blacktiger.com.tr\/en\/#website\"},\"primaryImageOfPage\":{\"@id\":\"https:\/\/blacktiger.com.tr\/en\/urun\/bi-metal-multicut-m42-41x13\/#primaryimage\"},\"datePublished\":\"2020-03-24T14:00:36+00:00\",\"dateModified\":\"2020-10-24T13:26:04+00:00\",\"description\":\"Black Tiger M42 bi metal bandsaw Thanks to its high performance and wide range of use, it is used for cutting round and solid materials.\",\"inLanguage\":\"en-US\",\"potentialAction\":[{\"@type\":\"ReadAction\",\"target\":[\"https:\/\/blacktiger.com.tr\/en\/urun\/bi-metal-multicut-m42-41x13\/\"]}]}]}<\/script>\n<!-- \/ Yoast SEO plugin. -->","_links":{"self":[{"href":"https:\/\/blacktiger.com.tr\/en\/wp-json\/wp\/v2\/product\/3353"}],"collection":[{"href":"https:\/\/blacktiger.com.tr\/en\/wp-json\/wp\/v2\/product"}],"about":[{"href":"https:\/\/blacktiger.com.tr\/en\/wp-json\/wp\/v2\/types\/product"}],"wp:featuredmedia":[{"embeddable":true,"href":"https:\/\/blacktiger.com.tr\/en\/wp-json\/wp\/v2\/media\/3427"}],"wp:attachment":[{"href":"https:\/\/blacktiger.com.tr\/en\/wp-json\/wp\/v2\/media?parent=3353"}],"curies":[{"name":"wp","href":"https:\/\/api.w.org\/{rel}","templated":true}]}}