{"id":3186,"date":"2020-03-15T13:13:15","date_gmt":"2020-03-15T10:13:15","guid":{"rendered":"http:\/\/blacktiger.com.tr\/en\/?page_id=3186"},"modified":"2020-09-21T12:22:25","modified_gmt":"2020-09-21T09:22:25","slug":"cerez-politikasi","status":"publish","type":"page","link":"https:\/\/blacktiger.com.tr\/en\/cerez-politikasi\/","title":{"rendered":"Cookie Policy"},"content":{"rendered":"<div class=\"cli_pg_page_contaner\">\n<h2 class=\"altbaslik2\"><a name=\"gizlilik\"><\/a>Gizlilik Politikas\u0131:<\/h2>\n<p class=\"klasik\"><strong>SEF\u0130NE TEKN\u0130K MAK\u0130NE \u0130MALAT \u0130N\u015e. MALZ. SAN. VE T\u0130C. LTD. \u015eT\u0130.<\/strong> <b>(\u201cBlackTiger\u201d)<\/b> olarak, kullan\u0131c\u0131lar\u0131m\u0131z\u0131n hizmetlerimizden g\u00fcvenli ve eksiksiz \u015fekilde faydalanmalar\u0131n\u0131 sa\u011flamak amac\u0131yla sitemizi kullanan \u00fcyelerimizin gizlili\u011fini korumak i\u00e7in \u00e7al\u0131\u015f\u0131yoruz. Bu do\u011frultuda, i\u015fbu BlackTiger Gizlilik Politikas\u0131 <b>(\u201cPolitika\u201d)<\/b>, \u00fcyelerimizin ki\u015fisel verilerinin 6698 say\u0131l\u0131 Ki\u015fisel Verilerin Korunmas\u0131 Kanunu&nbsp;<b>(\u201cKanun\u201d)<\/b> ile tamamen uyumlu bir \u015fekilde i\u015flenmesi ve kullan\u0131c\u0131lar\u0131m\u0131z\u0131 bu ba\u011flamda bilgilendirmek amac\u0131yla haz\u0131rlanm\u0131\u015ft\u0131r. blacktiger.com.tr \u00e7erez politikas\u0131 \u0130\u015fbu Politika\u2019n\u0131n ayr\u0131lmaz par\u00e7as\u0131d\u0131r.<\/p>\n<p class=\"klasik\">\u0130\u015fbu Politika\u2019n\u0131n amac\u0131, <strong>SEF\u0130NE TEKN\u0130K MAK\u0130NE \u0130MALAT \u0130N\u015e. MALZ. SAN. VE T\u0130C. LTD. \u015eT\u0130.<\/strong> taraf\u0131ndan i\u015fletilmekte olan www.blacktiger.com.tr internet sitesi ki\u015fisel verilerin kullan\u0131m\u0131na ili\u015fkin ko\u015ful ve \u015fartlar\u0131 tespit etmektir.<\/p>\n<h2 class=\"altbaslik\">Hangi Veriler \u0130\u015flenmektedir?<\/h2>\n<p class=\"klasik\">A\u015fa\u011f\u0131da BlackTiger taraf\u0131ndan i\u015flenen ve Kanun uyar\u0131nca ki\u015fisel veri say\u0131lan verilerin hangileri oldu\u011fu s\u0131ralanm\u0131\u015ft\u0131r. Aksi a\u00e7\u0131k\u00e7a belirtilmedik\u00e7e, i\u015fbu Politika kapsam\u0131nda arz edilen h\u00fck\u00fcm ve ko\u015fullar kapsam\u0131nda \u201cki\u015fisel veri\u201d ifadesi a\u015fa\u011f\u0131da yer alan bilgileri kapsayacakt\u0131r.<\/p>\n<ul>\n<li>Kimlik Bilgisi<\/li>\n<li>\u0130leti\u015fim Bilgisi<\/li>\n<li>Kullan\u0131c\u0131 Bilgisi<\/li>\n<li>Kullan\u0131c\u0131 \u0130\u015flem Bilgisi<\/li>\n<li>\u0130\u015flem G\u00fcvenli\u011fi Bilgisi<\/li>\n<li>Finansal Bilgi<\/li>\n<\/ul>\n<p class=\"klasik\">Ki\u015fisel Verilerin Korunmas\u0131 Kanunu\u2019nun 3. ve 7. maddeleri dairesince, geri d\u00f6nd\u00fcr\u00fclemeyecek \u015fekilde anonim hale getirilen veriler, an\u0131lan kanun h\u00fck\u00fcmleri uyar\u0131nca ki\u015fisel veri olarak kabul edilmeyecek ve bu verilere ili\u015fkin i\u015fleme faaliyetleri i\u015fbu Politika h\u00fck\u00fcmleri ile ba\u011fl\u0131 olmaks\u0131z\u0131n ger\u00e7ekle\u015ftirecektir.<\/p>\n<h2 class=\"altbaslik\">Ki\u015fisel Veri \u0130\u015fleme Ama\u00e7lar\u0131<\/h2>\n<p class=\"klasik\">BlackTiger, Veri Sahibi taraf\u0131ndan sa\u011flanan ki\u015fisel verileri, \u00fcyelik kayd\u0131 ve hesab\u0131n\u0131n olu\u015fturulmas\u0131 ve buna ili\u015fkin kay\u0131tlar\u0131n tutulmas\u0131, Veri Sahibi\u2019nin Platform \u00fczerinden sa\u011flanan hizmetlerden faydaland\u0131r\u0131lmas\u0131 sistem hatalar\u0131n\u0131n tespit edilerek performans takibinin yap\u0131lmas\u0131 ve Platform\u2019un i\u015fleyi\u015finin iyile\u015ftirilmesi, bak\u0131m ve destek hizmetleri ile yedekleme hizmetlerinin sunulmas\u0131 ama\u00e7lar\u0131 dahil olmak \u00fczere BlackTiger taraf\u0131ndan sunulan \u00fcr\u00fcn ve hizmetlerden ilgili ki\u015fileri faydaland\u0131rmak i\u00e7in gerekli \u00e7al\u0131\u015fmalar\u0131n i\u015f birimleri taraf\u0131ndan yap\u0131lmas\u0131 ve ilgili i\u015f s\u00fcre\u00e7lerinin y\u00fcr\u00fct\u00fclmesi, ticari ve\/veya i\u015f stratejilerinin planlanmas\u0131 ve icras\u0131 ama\u00e7lar\u0131yla i\u015flenebilecektir.<\/p>\n<h2 class=\"altbaslik\">Veri Sahiplerinin A\u00e7\u0131k R\u0131zas\u0131 Do\u011frultusunda \u0130\u015flenecek Ki\u015fisel Veriler ve \u0130\u015fleme Ama\u00e7lar\u0131<\/h2>\n<p class=\"klasik\">Veri Sahibi\u2019nin a\u00e7\u0131k r\u0131zas\u0131 kapsam\u0131nda, BlackTiger, Veri Sahipleri\u2019nin Platform \u00fczerindeki hareketlerini takip ederek kullan\u0131c\u0131 deneyiminin art\u0131r\u0131lmas\u0131, istatistik olu\u015fturulmas\u0131 amac\u0131yla veri i\u015fleyebilecektir.<\/p>\n<h2 class=\"altbaslik\">Ki\u015fisel Verilerin Toplanma Y\u00f6ntemi ve Hukuki Sebebi<\/h2>\n<p class=\"klasik\">Ki\u015fisel veriler, Platform \u00fczerinden ve elektronik ortamda toplanmaktad\u0131r. Yukar\u0131da belirtilen hukuki sebeplerle toplanan ki\u015fisel veriler 6698 say\u0131l\u0131 Kanun\u2019un 5. ve 6. maddelerinde ve bu Gizlilik Politikas\u0131\u2019nda belirtilen ama\u00e7larla i\u015flenebilmektedir.<\/p>\n<h2 class=\"altbaslik\">Ki\u015fisel Veri Sahibinin Haklar\u0131<\/h2>\n<p class=\"klasik\">Kanun\u2019un 11. maddesi uyar\u0131nca veri sahipleri,<\/p>\n<ul>\n<li>Kendileri ile ilgili ki\u015fisel veri i\u015flenip i\u015flenmedi\u011fini \u00f6\u011frenme, ki\u015fisel verileri i\u015flenmi\u015fse buna ili\u015fkin bilgi talep etme,<\/li>\n<li>Ki\u015fisel verilerin i\u015flenme amac\u0131n\u0131 ve bunlar\u0131n amac\u0131na uygun kullan\u0131l\u0131p kullan\u0131lmad\u0131\u011f\u0131n\u0131 \u00f6\u011frenme, yurt i\u00e7inde veya yurt d\u0131\u015f\u0131nda ki\u015fisel verilerin aktar\u0131ld\u0131\u011f\u0131 \u00fc\u00e7\u00fcnc\u00fc ki\u015fileri bilme,<\/li>\n<li>Ki\u015fisel verilerin eksik veya yanl\u0131\u015f i\u015flenmi\u015f olmas\u0131 halinde bunlar\u0131n d\u00fczeltilmesini isteme ve bu kapsamda yap\u0131lan i\u015flemin ki\u015fisel verilerin aktar\u0131ld\u0131\u011f\u0131 \u00fc\u00e7\u00fcnc\u00fc ki\u015filere bildirilmesini isteme,<\/li>\n<li>Kanun ve ilgili di\u011fer kanun h\u00fck\u00fcmlerine uygun olarak i\u015flenmi\u015f olmas\u0131na ra\u011fmen, i\u015flenmesini gerektiren sebeplerin ortadan kalkmas\u0131 halinde ki\u015fisel verilerin silinmesini veya yok edilmesini isteme ve bu kapsamda yap\u0131lan i\u015flemin ki\u015fisel verilerin aktar\u0131ld\u0131\u011f\u0131 \u00fc\u00e7\u00fcnc\u00fc ki\u015filere bildirilmesini isteme,<\/li>\n<li>\u0130\u015flenen verilerin m\u00fcnhas\u0131ran otomatik sistemler vas\u0131tas\u0131yla analiz edilmesi suretiyle ki\u015finin kendisi aleyhine bir sonucun ortaya \u00e7\u0131kmas\u0131na itiraz etme ve ki\u015fisel verilerin kanuna ayk\u0131r\u0131 olarak i\u015flenmesi sebebiyle zarara u\u011framas\u0131 halinde zarar\u0131n giderilmesini talep etme haklar\u0131na sahiptir.<\/li>\n<\/ul>\n<p class=\"klasik\">S\u00f6z konusu haklar\u0131n kullan\u0131m\u0131na ili\u015fkin talepler, ki\u015fisel veri sahipleri taraf\u0131ndan www.blacktiger.com.tr adresinde yer alan 6698 say\u0131l\u0131 Kanun Kapsam\u0131nda BlackTiger taraf\u0131ndan haz\u0131rlanan Ki\u015fisel Verilerin \u0130\u015flenmesi ve Korunmas\u0131na ili\u015fkin Politika\u2019da belirtilen y\u00f6ntemlerle iletilebilecektir. BlackTiger, s\u00f6z konusu talepleri otuz g\u00fcn i\u00e7erisinde sonu\u00e7land\u0131racakt\u0131r. BlackTiger&#8217;\u0131n taleplere ili\u015fkin olarak Ki\u015fisel Verileri Koruma Kurulu taraf\u0131ndan belirlenen (varsa) \u00fccret tarifesi \u00fczerinden \u00fccret talep etme hakk\u0131 sakl\u0131d\u0131r.<\/p>\n<h2 class=\"altbaslik2\">\u00c7erez Politikas\u0131:<\/h2>\n<p class=\"klasik\"><strong>SEF\u0130NE TEKN\u0130K MAK\u0130NE \u0130MALAT \u0130N\u015e. MALZ. SAN. VE T\u0130C. LTD. \u015eT\u0130.<\/strong> <b>(\u201cBlackTiger\u201d)<\/b> olarak, kullan\u0131c\u0131lar\u0131m\u0131z\u0131n hizmetlerimizden g\u00fcvenli ve eksiksiz \u015fekilde faydalanmalar\u0131n\u0131 sa\u011flamak amac\u0131yla sitemizi kullanan ki\u015filerin gizlili\u011fini korumak i\u00e7in \u00e7al\u0131\u015f\u0131yoruz.<\/p>\n<p class=\"klasik\">\u00c7o\u011fu web sitesinde oldu\u011fu gibi, blacktiger.com.tr <b>(\u201cSite\u201d)<\/b> ziyaret\u00e7ilere&nbsp; ziyaret\u00e7i kullan\u0131m al\u0131\u015fkanl\u0131klar\u0131n\u0131 takip etmek amac\u0131yla \u00c7erezler kullan\u0131lmaktad\u0131r.<\/p>\n<p class=\"klasik\">\u0130\u015fbu \u00c7erez Politakas\u0131 blacktiger.com.tr Gizlilik Politikas\u0131\u2019n\u0131n ayr\u0131lmaz bir par\u00e7as\u0131d\u0131r.<\/p>\n<p class=\"klasik\">BlackTiger, bu \u00c7erez Politikas\u0131\u2019n\u0131 <b>(\u201cPolitika\u201d)<\/b> Site\u2019de hangi \u00c7erezlerin kullan\u0131ld\u0131\u011f\u0131n\u0131 ve kullan\u0131c\u0131lar\u0131n bu konudaki tercihlerini nas\u0131l y\u00f6netebilece\u011fini a\u00e7\u0131klamak amac\u0131yla haz\u0131rlam\u0131\u015ft\u0131r.<\/p>\n<h2 class=\"altbaslik\">\u00c7erez (\u201cCookie\u201d) Nedir?<\/h2>\n<p class=\"klasik\">\u00c7erezler, ziyaret etti\u011finiz internet siteleri taraf\u0131ndan taray\u0131c\u0131lar arac\u0131l\u0131\u011f\u0131yla cihaz\u0131n\u0131za veya a\u011f sunucusuna depolanan k\u00fc\u00e7\u00fck metin dosyalar\u0131d\u0131r. \u00c7erezler, ziyaret etti\u011finiz web sitesiyle ili\u015fkili sunucular taraf\u0131ndan olu\u015fturulurlar. B\u00f6ylelikle ziyaret\u00e7i ayn\u0131 siteyi ziyaret etti\u011finde sunucu bunu anlayabilir.<\/p>\n<p class=\"klasik\">\u00c7erezler, ziyaret\u00e7ilere ili\u015fkin isim, cinsiyet veya adres gibi ki\u015fisel verileri i\u00e7ermezler. \u00c7erezler konusunda daha detayl\u0131 bilgi i\u00e7in&nbsp;<a href=\"https:\/\/www.aboutcookies.org\/\" target=\"_blank\" rel=\"nofollow noopener noreferrer\">www.aboutcookies.org<\/a>&nbsp;ve&nbsp;<a href=\"https:\/\/www.allaboutcookies.org\/\" target=\"_blank\" rel=\"nofollow noopener noreferrer\">www.allaboutcookies.org<\/a>&nbsp;adreslerini ziyaret edebilirisiniz.<\/p>\n<h2 class=\"altbaslik\">Hangi \u00c7erezler Kullan\u0131lmaktad\u0131r?<\/h2>\n<p class=\"klasik\">\u00c7erezler,&nbsp;<b>sahipleri, kullan\u0131m \u00f6m\u00fcrleri ve kullan\u0131m ama\u00e7lar\u0131&nbsp;<\/b>a\u00e7\u0131s\u0131nda kategorize edilebilir:<\/p>\n<ul>\n<li>\u00c7erezi yerle\u015ftiren tarafa g\u00f6re,&nbsp;<b>Platform \u00e7erezleri ve \u00fc\u00e7\u00fcnc\u00fc taraf&nbsp;<\/b>\u00c7erezler kullan\u0131lmaktad\u0131r. Platform \u00e7erezleri, BlackTiger taraf\u0131ndan olu\u015fturulurken, \u00fc\u00e7\u00fcnc\u00fc taraf \u00e7erezlerini BalackTiger ile i\u015f birlikteli\u011fi olan farkl\u0131 firmalar y\u00f6netmektedir.<\/li>\n<li>Aktif oldu\u011fu s\u00fcreye g\u00f6re,&nbsp;<b>oturum \u00e7erezleri<\/b>&nbsp;ve&nbsp;<b>kal\u0131c\u0131 \u00e7erezler<\/b>&nbsp;kullan\u0131lmaktad\u0131r.&nbsp;<b>Oturum \u00e7erezleri<\/b>&nbsp;ziyaret\u00e7inin Platform\u2019u terk etmesiyle birlikte silinirken,&nbsp;<b>kal\u0131c\u0131 \u00e7erezler<\/b>&nbsp;ise kullan\u0131m alan\u0131na ba\u011fl\u0131 olarak \u00e7e\u015fitli s\u00fcrelerle ziyaret\u00e7ilerin cihazlar\u0131nda kalabilmektedir.<\/li>\n<li>Kullan\u0131m ama\u00e7lar\u0131na g\u00f6re, Platform\u2019da&nbsp;<b>teknik \u00e7erezler, do\u011frulama \u00e7erezleri, hedefleme, ki\u015fiselle\u015ftirme \u00e7erezleri <\/b>ve&nbsp;<b>analitik \u00e7erezler<\/b>&nbsp;kullan\u0131lmaktad\u0131r.<\/li>\n<\/ul>\n<h2 class=\"altbaslik\">Neden \u00c7erezler Kullan\u0131lmaktad\u0131r?<\/h2>\n<p class=\"klasik\">Platform\u2019da, \u00c7erezler a\u015fa\u011f\u0131daki ama\u00e7lar kapsam\u0131nda kullan\u0131lmaktad\u0131r:<\/p>\n<ul>\n<li><b>Platform\u2019un \u00e7al\u0131\u015fmas\u0131 i\u00e7in gerekli temel fonksiyonlar\u0131 ger\u00e7ekle\u015ftirmek.<\/b> \u00d6rne\u011fin, BlackTiger \u00fcyelerinin, \u00fcr\u00fcn sepetindeki \u00fcr\u00fcnlerin ziyaretleri s\u00fcresince kaybolmamas\u0131. Oturum a\u00e7an \u00fcyelerin Platform\u2019da farkl\u0131 sayfalar\u0131 ziyaret ederken tekrar \u015fifre girmelerine gerek kalmamas\u0131.<\/li>\n<li><b>Platform\u2019u analiz etmek ve Platform\u2019un performans\u0131n\u0131 artt\u0131rmak.<\/b>&nbsp;\u00d6rne\u011fin, Platform\u2019un \u00fczerinde \u00e7al\u0131\u015ft\u0131\u011f\u0131 farkl\u0131 sunucular\u0131n entegrasyonu, Platform\u2019u ziyaret edenlerin say\u0131s\u0131n\u0131n tespit edilmesi ve buna g\u00f6re performans ayarlar\u0131n\u0131n yap\u0131lmas\u0131 ya da ziyaret\u00e7ilerin arad\u0131klar\u0131n\u0131 bulmalar\u0131n\u0131n kolayla\u015ft\u0131r\u0131lmas\u0131.<\/li>\n<li><b>Platform\u2019un i\u015flevselli\u011fini artt\u0131rmak ve kullan\u0131m kolayl\u0131\u011f\u0131 sa\u011flamak. <\/b><\/li>\n<\/ul>\n<h2 class=\"altbaslik\">\u00c7erez Tercihlerinizi Nas\u0131l Y\u00f6netebilirsiniz?<\/h2>\n<p class=\"klasik\">BlackTiger, kullan\u0131c\u0131lar\u0131n kendilerine ait ki\u015fisel veriler \u00fczerindeki tercihlerini kullanabilmelerini son derece \u00f6nemsemektedir. Bununla birlikte, Site\u2019nin \u00e7al\u0131\u015fmas\u0131 i\u00e7in zorunlu olan baz\u0131 \u00c7erezler konusunda tercih y\u00f6netimi m\u00fcmk\u00fcn olmamaktad\u0131r. Ayr\u0131ca baz\u0131 \u00c7erezlerin kapat\u0131lmas\u0131 halinde Site\u2019nin \u00e7e\u015fitli fonksiyonlar\u0131n\u0131n \u00e7al\u0131\u015fmayabilece\u011fini hat\u0131rlatmak isteriz.<\/p>\n<p class=\"klasik\">Platform\u2019da kullan\u0131lan \u00c7erezlere dair tercihlerin ne \u015fekilde y\u00f6netebilece\u011fine dair bilgiler a\u015fa\u011f\u0131daki gibidir:<\/p>\n<ul>\n<li>Ziyaret\u00e7iler, Platform\u2019u g\u00f6r\u00fcnt\u00fcledikleri taray\u0131c\u0131 ayarlar\u0131n\u0131 de\u011fi\u015ftirerek \u00e7erezlere ili\u015fkin tercihlerini ki\u015fiselle\u015ftirme imkan\u0131na sahiptir. E\u011fer kullan\u0131lmakta olan taray\u0131c\u0131 bu imk\u00e2n\u0131 sunmaktaysa, taray\u0131c\u0131 ayarlar\u0131 \u00fczerinden \u00c7erezlere ili\u015fkin tercihleri de\u011fi\u015ftirmek m\u00fcmk\u00fcnd\u00fcr. B\u00f6ylelikle, taray\u0131c\u0131n\u0131n sunmu\u015f oldu\u011fu imkanlara g\u00f6re farkl\u0131l\u0131k g\u00f6sterebilmekle birlikte, veri sahiplerinin \u00e7erezlerin kullan\u0131lmas\u0131n\u0131 engelleme, \u00e7erez kullan\u0131lmadan \u00f6nce uyar\u0131 almay\u0131 tercih etme veya sadece baz\u0131 \u00c7erezleri devre d\u0131\u015f\u0131 b\u0131rakma ya da silme imkanlar\u0131 bulunmaktad\u0131r. Bu konudaki tercihler kullan\u0131lan taray\u0131c\u0131ya g\u00f6re de\u011fi\u015fiklik g\u00f6stermekle birlikte genel a\u00e7\u0131klamaya&nbsp;<a href=\"https:\/\/www.aboutcookies.org\/\" target=\"_blank\" rel=\"nofollow noopener noreferrer\">https:\/\/www.aboutcookies.org\/<\/a>&nbsp;adresinden ula\u015fmak m\u00fcmk\u00fcnd\u00fcr. \u00c7erezlere ili\u015fkin tercihlerin, ziyaret\u00e7inin Platform\u2019a eri\u015fim sa\u011flad\u0131\u011f\u0131 her bir cihaz \u00f6zelinde ayr\u0131 ayr\u0131 yap\u0131lmas\u0131 gerekebilecektir.<\/li>\n<\/ul>\n<h2 class=\"altbaslik\">Hangi Haklara Sahipsiniz?<\/h2>\n<p class=\"klasik\">6698 Say\u0131l\u0131 Ki\u015fisel Verilerin Korunmas\u0131 Kanunu\u2019nun 11. maddesi uyar\u0131nca ziyaret\u00e7iler, BlackTiger&#8217;a ba\u015fvurarak, kendileriyle ilgili,<\/p>\n<ul>\n<li>Ki\u015fisel veri i\u015flenip i\u015flenmedi\u011fini \u00f6\u011frenme,<\/li>\n<li>Ki\u015fisel verileri i\u015flenmi\u015fse buna ili\u015fkin bilgi talep etme,<\/li>\n<li>Ki\u015fisel verilerin i\u015flenme amac\u0131n\u0131 ve bunlar\u0131n amac\u0131na uygun kullan\u0131l\u0131p kullan\u0131lmad\u0131\u011f\u0131n\u0131 \u00f6\u011frenme,<\/li>\n<li>Yurt i\u00e7inde veya yurt d\u0131\u015f\u0131nda ki\u015fisel verilerin aktar\u0131ld\u0131\u011f\u0131 \u00fc\u00e7\u00fcnc\u00fc ki\u015fileri bilme,<\/li>\n<li>Ki\u015fisel verilerin eksik veya yanl\u0131\u015f i\u015flenmi\u015f olmas\u0131 h\u00e2linde bunlar\u0131n d\u00fczeltilmesini isteme ve bu kapsamda yap\u0131lan i\u015flemin ki\u015fisel verilerin aktar\u0131ld\u0131\u011f\u0131 \u00fc\u00e7\u00fcnc\u00fc ki\u015filere bildirilmesini isteme,<\/li>\n<li>Kanun ve ilgili di\u011fer kanun h\u00fck\u00fcmlerine uygun olarak i\u015flenmi\u015f olmas\u0131na ra\u011fmen, i\u015flenmesini gerektiren sebeplerin ortadan kalkmas\u0131 h\u00e2linde ki\u015fisel verilerin silinmesini veya yok edilmesini isteme ve bu kapsamda yap\u0131lan i\u015flemin ki\u015fisel verilerin aktar\u0131ld\u0131\u011f\u0131 \u00fc\u00e7\u00fcnc\u00fc ki\u015filere bildirilmesini isteme,<\/li>\n<li>\u0130\u015flenen verilerin m\u00fcnhas\u0131ran otomatik sistemler vas\u0131tas\u0131yla analiz edilmesi suretiyle ki\u015finin kendisi aleyhine bir sonucun ortaya \u00e7\u0131kmas\u0131na itiraz etme,<\/li>\n<li>Ki\u015fisel verilerin kanuna ayk\u0131r\u0131 olarak i\u015flenmesi sebebiyle zarara u\u011framas\u0131 h\u00e2linde zarar\u0131n giderilmesini talep etme<\/li>\n<\/ul>\n<p class=\"klasik\">haklar\u0131na sahiptir<\/p>\n<h2 class=\"altbaslik\">R\u0131za ve Gizlilik Politikas\u0131\u2019ndaki De\u011fi\u015fiklikler<\/h2>\n<p class=\"klasik\">BlackTiger, Gizlilik Politikas\u0131 (\u201cPolitika\u201d) ile kullan\u0131c\u0131lar\u0131na \u00c7erez kullan\u0131m\u0131n\u0131n kapsam\u0131 ve ama\u00e7lar\u0131 hakk\u0131nda detayl\u0131 a\u00e7\u0131klama sunmay\u0131 ve \u00c7erez tercihleri konusunda kullan\u0131c\u0131lar\u0131n\u0131 bilgilendirmeyi hedeflemi\u015ftir. Bu bak\u0131mdan, Platform\u2019da yer alan \u00c7erez bilgilendirme uyar\u0131s\u0131n\u0131n kapat\u0131lmas\u0131 ve Site\u2019nin kullan\u0131lmaya devam edilmesi halinde \u00c7erez kullan\u0131m\u0131na r\u0131za verildi\u011fi kabul edilmektedir. Kullan\u0131c\u0131lar\u0131n \u00c7erez tercihlerini de\u011fi\u015ftirme imk\u00e2n\u0131 her zaman sakl\u0131d\u0131r.<\/p>\n<p class=\"klasik\">BlackTiger, Politika h\u00fck\u00fcmlerini diledi\u011fi zaman de\u011fi\u015ftirebilir. G\u00fcncel Politika Platform\u2019da yay\u0131nland\u0131\u011f\u0131 tarihte y\u00fcr\u00fcrl\u00fck kazan\u0131r.<\/p>\n<\/div>\n","protected":false},"excerpt":{"rendered":"<p>Gizlilik Politikas\u0131: SEF\u0130NE TEKN\u0130K MAK\u0130NE \u0130MALAT \u0130N\u015e. MALZ. SAN. VE T\u0130C. LTD. \u015eT\u0130. (\u201cBlackTiger\u201d) olarak, kullan\u0131c\u0131lar\u0131m\u0131z\u0131n hizmetlerimizden g\u00fcvenli ve eksiksiz<\/p>\n","protected":false},"author":1,"featured_media":0,"parent":0,"menu_order":0,"comment_status":"closed","ping_status":"closed","template":"","meta":[],"yoast_head":"<!-- This site is optimized with the Yoast SEO plugin v15.1.1 - https:\/\/yoast.com\/wordpress\/plugins\/seo\/ -->\n<title>Cookie Policy - Black Tiger<\/title>\n<meta name=\"robots\" content=\"index, follow, max-snippet:-1, max-image-preview:large, max-video-preview:-1\" \/>\n<link rel=\"canonical\" href=\"https:\/\/blacktiger.com.tr\/en\/cerez-politikasi\/\" \/>\n<meta property=\"og:locale\" content=\"en_US\" \/>\n<meta property=\"og:type\" content=\"article\" \/>\n<meta property=\"og:title\" content=\"Cookie Policy - Black Tiger\" \/>\n<meta property=\"og:description\" content=\"Gizlilik Politikas\u0131: SEF\u0130NE TEKN\u0130K MAK\u0130NE \u0130MALAT \u0130N\u015e. MALZ. SAN. VE T\u0130C. LTD. \u015eT\u0130. (\u201cBlackTiger\u201d) olarak, kullan\u0131c\u0131lar\u0131m\u0131z\u0131n hizmetlerimizden g\u00fcvenli ve eksiksiz\" \/>\n<meta property=\"og:url\" content=\"https:\/\/blacktiger.com.tr\/en\/cerez-politikasi\/\" \/>\n<meta property=\"og:site_name\" content=\"Black Tiger\" \/>\n<meta property=\"article:modified_time\" content=\"2020-09-21T09:22:25+00:00\" \/>\n<meta name=\"twitter:card\" content=\"summary_large_image\" \/>\n<script type=\"application\/ld+json\" class=\"yoast-schema-graph\">{\"@context\":\"https:\/\/schema.org\",\"@graph\":[{\"@type\":\"WebSite\",\"@id\":\"https:\/\/blacktiger.com.tr\/en\/#website\",\"url\":\"https:\/\/blacktiger.com.tr\/en\/\",\"name\":\"Black Tiger\",\"description\":\"Profesyonel \\u00c7\\u00f6z\\u00fcmler\",\"potentialAction\":[{\"@type\":\"SearchAction\",\"target\":\"https:\/\/blacktiger.com.tr\/en\/?s={search_term_string}\",\"query-input\":\"required name=search_term_string\"}],\"inLanguage\":\"en-US\"},{\"@type\":\"WebPage\",\"@id\":\"https:\/\/blacktiger.com.tr\/en\/cerez-politikasi\/#webpage\",\"url\":\"https:\/\/blacktiger.com.tr\/en\/cerez-politikasi\/\",\"name\":\"Cookie Policy - Black Tiger\",\"isPartOf\":{\"@id\":\"https:\/\/blacktiger.com.tr\/en\/#website\"},\"datePublished\":\"2020-03-15T10:13:15+00:00\",\"dateModified\":\"2020-09-21T09:22:25+00:00\",\"inLanguage\":\"en-US\",\"potentialAction\":[{\"@type\":\"ReadAction\",\"target\":[\"https:\/\/blacktiger.com.tr\/en\/cerez-politikasi\/\"]}]}]}<\/script>\n<!-- \/ Yoast SEO plugin. -->","_links":{"self":[{"href":"https:\/\/blacktiger.com.tr\/en\/wp-json\/wp\/v2\/pages\/3186"}],"collection":[{"href":"https:\/\/blacktiger.com.tr\/en\/wp-json\/wp\/v2\/pages"}],"about":[{"href":"https:\/\/blacktiger.com.tr\/en\/wp-json\/wp\/v2\/types\/page"}],"author":[{"embeddable":true,"href":"https:\/\/blacktiger.com.tr\/en\/wp-json\/wp\/v2\/users\/1"}],"replies":[{"embeddable":true,"href":"https:\/\/blacktiger.com.tr\/en\/wp-json\/wp\/v2\/comments?post=3186"}],"version-history":[{"count":6,"href":"https:\/\/blacktiger.com.tr\/en\/wp-json\/wp\/v2\/pages\/3186\/revisions"}],"predecessor-version":[{"id":3870,"href":"https:\/\/blacktiger.com.tr\/en\/wp-json\/wp\/v2\/pages\/3186\/revisions\/3870"}],"wp:attachment":[{"href":"https:\/\/blacktiger.com.tr\/en\/wp-json\/wp\/v2\/media?parent=3186"}],"curies":[{"name":"wp","href":"https:\/\/api.w.org\/{rel}","templated":true}]}}